{"id":180,"date":"2016-01-27T22:04:51","date_gmt":"2016-01-27T21:04:51","guid":{"rendered":"http:\/\/mv-sa.net\/en\/certifications\/"},"modified":"2017-06-05T16:08:35","modified_gmt":"2017-06-05T14:08:35","slug":"certifications","status":"publish","type":"page","link":"https:\/\/mv-sa.net\/en\/certifications\/","title":{"rendered":"Certifications"},"content":{"rendered":"<p>MV has made quality its prime objective by choosing reliable equipment for its production and modern, high-performance equipment for its control. The two sites are certified iso 9001 version 2008 et AS 9100 Rev.C\/EN 9100:2009\/JISQ 9100:2009 to become your partner in total confidence.<\/p>\n<p><a href=\"http:\/\/mv-sa.net\/wp-content\/uploads\/2016\/01\/Certificat-ISO9001-soci\u00e9t\u00e9-MV-2015-2018.pdf\" rel=\"\">Certificat ISO9001 soci\u00e9t\u00e9 MV 2015 &#8211; 2018<\/a><\/p>\n<p><a href=\"http:\/\/mv-sa.net\/wp-content\/uploads\/2016\/01\/Certificat-EN9100-soci\u00e9t\u00e9-MV-2015-2018.pdf\" rel=\"\">Certificat EN9100 soci\u00e9t\u00e9 MV 2015 &#8211; 2018<\/a><\/p>\n","protected":false},"excerpt":{"rendered":"<p>MV has made quality its prime objective by choosing reliable equipment for its production and modern, high-performance equipment for its control. The two sites are certified iso 9001 version 2008 et AS 9100 Rev.C\/EN 9100:2009\/JISQ 9100:2009 to become your partner in total confidence. Certificat ISO9001 soci\u00e9t\u00e9 MV 2015 &#8211; 2018 Certificat EN9100 soci\u00e9t\u00e9 MV 2015 [&hellip;]<\/p>\n","protected":false},"author":4,"featured_media":0,"parent":0,"menu_order":9,"comment_status":"closed","ping_status":"closed","template":"","meta":[],"_links":{"self":[{"href":"https:\/\/mv-sa.net\/en\/wp-json\/wp\/v2\/pages\/180"}],"collection":[{"href":"https:\/\/mv-sa.net\/en\/wp-json\/wp\/v2\/pages"}],"about":[{"href":"https:\/\/mv-sa.net\/en\/wp-json\/wp\/v2\/types\/page"}],"author":[{"embeddable":true,"href":"https:\/\/mv-sa.net\/en\/wp-json\/wp\/v2\/users\/4"}],"replies":[{"embeddable":true,"href":"https:\/\/mv-sa.net\/en\/wp-json\/wp\/v2\/comments?post=180"}],"version-history":[{"count":7,"href":"https:\/\/mv-sa.net\/en\/wp-json\/wp\/v2\/pages\/180\/revisions"}],"predecessor-version":[{"id":379,"href":"https:\/\/mv-sa.net\/en\/wp-json\/wp\/v2\/pages\/180\/revisions\/379"}],"wp:attachment":[{"href":"https:\/\/mv-sa.net\/en\/wp-json\/wp\/v2\/media?parent=180"}],"curies":[{"name":"wp","href":"https:\/\/api.w.org\/{rel}","templated":true}]}}